{"id":492,"date":"2023-11-22T09:21:51","date_gmt":"2023-11-22T12:21:51","guid":{"rendered":"https:\/\/5elementopropaganda.com.br\/?post_type=product&#038;p=492"},"modified":"2023-11-22T09:43:45","modified_gmt":"2023-11-22T12:43:45","slug":"midias-sociais-03-midias-facebook-instagram-google","status":"publish","type":"product","link":"https:\/\/5elementopropaganda.com.br\/index.php\/produto\/midias-sociais-03-midias-facebook-instagram-google\/","title":{"rendered":"MIDIAS SOCIAIS &#8211; 03 MIDIAS &#8211; (FACEBOOK\/INSTAGRAM\/GOOGLE)"},"content":{"rendered":"<p>Cria\u00e7\u00e3o de artes, conte\u00fado e postagens em m\u00eddias sociais, durante 30 dias.<\/p>\n<p>IMPORTANTE:<\/p>\n<p>O Valor inclui: Cria\u00e7\u00e3o, Design, atualiza\u00e7\u00e3o de conte\u00fado, gerenciamento de mensagens de clientes e postagens.<\/p>\n<p>Este valor n\u00e3o inclui, cria\u00e7\u00e3o do perfil ou desenvolvimento de logomarca e programa\u00e7\u00e3o visual do perfil.<\/p>\n<p>&nbsp;<\/p>\n<p><strong>Obs.: Base de Informa\u00e7\u00f5es, transmitida pelo cliente.<\/strong><\/p>\n","protected":false},"excerpt":{"rendered":"<p>Cria\u00e7\u00e3o de artes, conte\u00fado e postagens em m\u00eddias sociais, durante 30 dias.<\/p>\n<p>IMPORTANTE:<\/p>\n<p>O Valor inclui: Cria\u00e7\u00e3o, Design, atualiza\u00e7\u00e3o de conte\u00fado, gerenciamento de mensagens de clientes e postagens.<\/p>\n<p>Este valor n\u00e3o inclui, cria\u00e7\u00e3o do perfil ou desenvolvimento de logomarca e programa\u00e7\u00e3o visual do perfil.<\/p>\n<p>&nbsp;<\/p>\n<p><strong>Obs.: Base de Informa\u00e7\u00f5es, transmitida pelo cliente.<\/strong><\/p>\n","protected":false},"featured_media":443,"comment_status":"open","ping_status":"closed","template":"","meta":{"jetpack_post_was_ever_published":false},"product_brand":[],"product_cat":[24],"product_tag":[92,86,88,53,91,54,87,51,84,90,83,89,85,60,70,93,82],"class_list":{"0":"post-492","1":"product","2":"type-product","3":"status-publish","4":"has-post-thumbnail","6":"product_cat-midias-sociais","7":"product_tag-alcance","8":"product_tag-consumidor","9":"product_tag-desempenho","10":"product_tag-facebook","11":"product_tag-impactacao","12":"product_tag-instagram","13":"product_tag-metas","14":"product_tag-midias-sociais","15":"product_tag-navagacao","16":"product_tag-perfil","17":"product_tag-personalizar","18":"product_tag-publico","19":"product_tag-rentabilizar","20":"product_tag-resultado","21":"product_tag-seo","22":"product_tag-sucesso","23":"product_tag-tik-tok","25":"first","26":"instock","27":"featured","28":"taxable","29":"shipping-taxable","30":"purchasable","31":"product-type-simple"},"yoast_head":"<!-- This site is optimized with the Yoast SEO plugin v27.1.1 - https:\/\/yoast.com\/product\/yoast-seo-wordpress\/ -->\n<title>MIDIAS SOCIAIS - 03 MIDIAS - (FACEBOOK\/INSTAGRAM\/GOOGLE) - 5\u00ba Elemento Propaganda<\/title>\n<meta name=\"robots\" content=\"index, follow, max-snippet:-1, max-image-preview:large, max-video-preview:-1\" \/>\n<link rel=\"canonical\" href=\"https:\/\/5elementopropaganda.com.br\/index.php\/produto\/midias-sociais-03-midias-facebook-instagram-google\/\" \/>\n<meta property=\"og:locale\" content=\"pt_BR\" \/>\n<meta property=\"og:type\" content=\"article\" \/>\n<meta property=\"og:title\" content=\"MIDIAS SOCIAIS - 03 MIDIAS - (FACEBOOK\/INSTAGRAM\/GOOGLE) - 5\u00ba Elemento Propaganda\" \/>\n<meta property=\"og:description\" content=\"Cria\u00e7\u00e3o de artes, conte\u00fado e postagens em m\u00eddias sociais, durante 30 dias.  IMPORTANTE:  O Valor inclui: Cria\u00e7\u00e3o, Design, atualiza\u00e7\u00e3o de conte\u00fado, gerenciamento de mensagens de clientes e postagens.  Este valor n\u00e3o inclui, cria\u00e7\u00e3o do perfil ou desenvolvimento de logomarca e programa\u00e7\u00e3o visual do perfil.  &nbsp;  Obs.: Base de Informa\u00e7\u00f5es, transmitida pelo cliente.\" \/>\n<meta property=\"og:url\" content=\"https:\/\/5elementopropaganda.com.br\/index.php\/produto\/midias-sociais-03-midias-facebook-instagram-google\/\" \/>\n<meta property=\"og:site_name\" content=\"5\u00ba Elemento Propaganda\" \/>\n<meta property=\"article:modified_time\" content=\"2023-11-22T12:43:45+00:00\" \/>\n<meta property=\"og:image\" content=\"https:\/\/5elementopropaganda.com.br\/wp-content\/uploads\/2023\/11\/MIDIAS-SOCIAIS-02-scaled.jpg\" \/>\n\t<meta property=\"og:image:width\" content=\"2560\" \/>\n\t<meta property=\"og:image:height\" content=\"2560\" \/>\n\t<meta property=\"og:image:type\" content=\"image\/jpeg\" \/>\n<meta name=\"twitter:card\" content=\"summary_large_image\" \/>\n<meta name=\"twitter:label1\" content=\"Est. tempo de leitura\" \/>\n\t<meta name=\"twitter:data1\" content=\"1 minuto\" \/>\n<script type=\"application\/ld+json\" class=\"yoast-schema-graph\">{\"@context\":\"https:\/\/schema.org\",\"@graph\":[{\"@type\":\"WebPage\",\"@id\":\"https:\/\/5elementopropaganda.com.br\/index.php\/produto\/midias-sociais-03-midias-facebook-instagram-google\/\",\"url\":\"https:\/\/5elementopropaganda.com.br\/index.php\/produto\/midias-sociais-03-midias-facebook-instagram-google\/\",\"name\":\"MIDIAS SOCIAIS - 03 MIDIAS - (FACEBOOK\/INSTAGRAM\/GOOGLE) - 5\u00ba Elemento Propaganda\",\"isPartOf\":{\"@id\":\"https:\/\/5elementopropaganda.com.br\/#website\"},\"primaryImageOfPage\":{\"@id\":\"https:\/\/5elementopropaganda.com.br\/index.php\/produto\/midias-sociais-03-midias-facebook-instagram-google\/#primaryimage\"},\"image\":{\"@id\":\"https:\/\/5elementopropaganda.com.br\/index.php\/produto\/midias-sociais-03-midias-facebook-instagram-google\/#primaryimage\"},\"thumbnailUrl\":\"https:\/\/i0.wp.com\/5elementopropaganda.com.br\/wp-content\/uploads\/2023\/11\/MIDIAS-SOCIAIS-02-scaled.jpg?fit=2560%2C2560&ssl=1\",\"datePublished\":\"2023-11-22T12:21:51+00:00\",\"dateModified\":\"2023-11-22T12:43:45+00:00\",\"breadcrumb\":{\"@id\":\"https:\/\/5elementopropaganda.com.br\/index.php\/produto\/midias-sociais-03-midias-facebook-instagram-google\/#breadcrumb\"},\"inLanguage\":\"pt-BR\",\"potentialAction\":[{\"@type\":\"ReadAction\",\"target\":[\"https:\/\/5elementopropaganda.com.br\/index.php\/produto\/midias-sociais-03-midias-facebook-instagram-google\/\"]}]},{\"@type\":\"ImageObject\",\"inLanguage\":\"pt-BR\",\"@id\":\"https:\/\/5elementopropaganda.com.br\/index.php\/produto\/midias-sociais-03-midias-facebook-instagram-google\/#primaryimage\",\"url\":\"https:\/\/i0.wp.com\/5elementopropaganda.com.br\/wp-content\/uploads\/2023\/11\/MIDIAS-SOCIAIS-02-scaled.jpg?fit=2560%2C2560&ssl=1\",\"contentUrl\":\"https:\/\/i0.wp.com\/5elementopropaganda.com.br\/wp-content\/uploads\/2023\/11\/MIDIAS-SOCIAIS-02-scaled.jpg?fit=2560%2C2560&ssl=1\",\"width\":2560,\"height\":2560},{\"@type\":\"BreadcrumbList\",\"@id\":\"https:\/\/5elementopropaganda.com.br\/index.php\/produto\/midias-sociais-03-midias-facebook-instagram-google\/#breadcrumb\",\"itemListElement\":[{\"@type\":\"ListItem\",\"position\":1,\"name\":\"In\u00edcio\",\"item\":\"https:\/\/5elementopropaganda.com.br\/\"},{\"@type\":\"ListItem\",\"position\":2,\"name\":\"MIDIAS SOCIAIS &#8211; 03 MIDIAS &#8211; (FACEBOOK\/INSTAGRAM\/GOOGLE)\"}]},{\"@type\":\"WebSite\",\"@id\":\"https:\/\/5elementopropaganda.com.br\/#website\",\"url\":\"https:\/\/5elementopropaganda.com.br\/\",\"name\":\"5\u00ba Elemento Propaganda\",\"description\":\"Publicidade, Campanhas Publicit\u00e1rias, Pe\u00e7as Publicit\u00e1rias\",\"publisher\":{\"@id\":\"https:\/\/5elementopropaganda.com.br\/#organization\"},\"potentialAction\":[{\"@type\":\"SearchAction\",\"target\":{\"@type\":\"EntryPoint\",\"urlTemplate\":\"https:\/\/5elementopropaganda.com.br\/?s={search_term_string}\"},\"query-input\":{\"@type\":\"PropertyValueSpecification\",\"valueRequired\":true,\"valueName\":\"search_term_string\"}}],\"inLanguage\":\"pt-BR\"},{\"@type\":\"Organization\",\"@id\":\"https:\/\/5elementopropaganda.com.br\/#organization\",\"name\":\"5\u00ba Elemento Propaganda\",\"url\":\"https:\/\/5elementopropaganda.com.br\/\",\"logo\":{\"@type\":\"ImageObject\",\"inLanguage\":\"pt-BR\",\"@id\":\"https:\/\/5elementopropaganda.com.br\/#\/schema\/logo\/image\/\",\"url\":\"https:\/\/i0.wp.com\/5elementopropaganda.com.br\/wp-content\/uploads\/2023\/11\/cropped-cropped-FAVICON.jpg?fit=512%2C512&ssl=1\",\"contentUrl\":\"https:\/\/i0.wp.com\/5elementopropaganda.com.br\/wp-content\/uploads\/2023\/11\/cropped-cropped-FAVICON.jpg?fit=512%2C512&ssl=1\",\"width\":512,\"height\":512,\"caption\":\"5\u00ba Elemento Propaganda\"},\"image\":{\"@id\":\"https:\/\/5elementopropaganda.com.br\/#\/schema\/logo\/image\/\"}}]}<\/script>\n<!-- \/ Yoast SEO plugin. -->","yoast_head_json":{"title":"MIDIAS SOCIAIS - 03 MIDIAS - (FACEBOOK\/INSTAGRAM\/GOOGLE) - 5\u00ba Elemento Propaganda","robots":{"index":"index","follow":"follow","max-snippet":"max-snippet:-1","max-image-preview":"max-image-preview:large","max-video-preview":"max-video-preview:-1"},"canonical":"https:\/\/5elementopropaganda.com.br\/index.php\/produto\/midias-sociais-03-midias-facebook-instagram-google\/","og_locale":"pt_BR","og_type":"article","og_title":"MIDIAS SOCIAIS - 03 MIDIAS - (FACEBOOK\/INSTAGRAM\/GOOGLE) - 5\u00ba Elemento Propaganda","og_description":"Cria\u00e7\u00e3o de artes, conte\u00fado e postagens em m\u00eddias sociais, durante 30 dias.  IMPORTANTE:  O Valor inclui: Cria\u00e7\u00e3o, Design, atualiza\u00e7\u00e3o de conte\u00fado, gerenciamento de mensagens de clientes e postagens.  Este valor n\u00e3o inclui, cria\u00e7\u00e3o do perfil ou desenvolvimento de logomarca e programa\u00e7\u00e3o visual do perfil.  &nbsp;  Obs.: Base de Informa\u00e7\u00f5es, transmitida pelo cliente.","og_url":"https:\/\/5elementopropaganda.com.br\/index.php\/produto\/midias-sociais-03-midias-facebook-instagram-google\/","og_site_name":"5\u00ba Elemento Propaganda","article_modified_time":"2023-11-22T12:43:45+00:00","og_image":[{"width":2560,"height":2560,"url":"https:\/\/5elementopropaganda.com.br\/wp-content\/uploads\/2023\/11\/MIDIAS-SOCIAIS-02-scaled.jpg","type":"image\/jpeg"}],"twitter_card":"summary_large_image","twitter_misc":{"Est. tempo de leitura":"1 minuto"},"schema":{"@context":"https:\/\/schema.org","@graph":[{"@type":"WebPage","@id":"https:\/\/5elementopropaganda.com.br\/index.php\/produto\/midias-sociais-03-midias-facebook-instagram-google\/","url":"https:\/\/5elementopropaganda.com.br\/index.php\/produto\/midias-sociais-03-midias-facebook-instagram-google\/","name":"MIDIAS SOCIAIS - 03 MIDIAS - (FACEBOOK\/INSTAGRAM\/GOOGLE) - 5\u00ba Elemento Propaganda","isPartOf":{"@id":"https:\/\/5elementopropaganda.com.br\/#website"},"primaryImageOfPage":{"@id":"https:\/\/5elementopropaganda.com.br\/index.php\/produto\/midias-sociais-03-midias-facebook-instagram-google\/#primaryimage"},"image":{"@id":"https:\/\/5elementopropaganda.com.br\/index.php\/produto\/midias-sociais-03-midias-facebook-instagram-google\/#primaryimage"},"thumbnailUrl":"https:\/\/i0.wp.com\/5elementopropaganda.com.br\/wp-content\/uploads\/2023\/11\/MIDIAS-SOCIAIS-02-scaled.jpg?fit=2560%2C2560&ssl=1","datePublished":"2023-11-22T12:21:51+00:00","dateModified":"2023-11-22T12:43:45+00:00","breadcrumb":{"@id":"https:\/\/5elementopropaganda.com.br\/index.php\/produto\/midias-sociais-03-midias-facebook-instagram-google\/#breadcrumb"},"inLanguage":"pt-BR","potentialAction":[{"@type":"ReadAction","target":["https:\/\/5elementopropaganda.com.br\/index.php\/produto\/midias-sociais-03-midias-facebook-instagram-google\/"]}]},{"@type":"ImageObject","inLanguage":"pt-BR","@id":"https:\/\/5elementopropaganda.com.br\/index.php\/produto\/midias-sociais-03-midias-facebook-instagram-google\/#primaryimage","url":"https:\/\/i0.wp.com\/5elementopropaganda.com.br\/wp-content\/uploads\/2023\/11\/MIDIAS-SOCIAIS-02-scaled.jpg?fit=2560%2C2560&ssl=1","contentUrl":"https:\/\/i0.wp.com\/5elementopropaganda.com.br\/wp-content\/uploads\/2023\/11\/MIDIAS-SOCIAIS-02-scaled.jpg?fit=2560%2C2560&ssl=1","width":2560,"height":2560},{"@type":"BreadcrumbList","@id":"https:\/\/5elementopropaganda.com.br\/index.php\/produto\/midias-sociais-03-midias-facebook-instagram-google\/#breadcrumb","itemListElement":[{"@type":"ListItem","position":1,"name":"In\u00edcio","item":"https:\/\/5elementopropaganda.com.br\/"},{"@type":"ListItem","position":2,"name":"MIDIAS SOCIAIS &#8211; 03 MIDIAS &#8211; (FACEBOOK\/INSTAGRAM\/GOOGLE)"}]},{"@type":"WebSite","@id":"https:\/\/5elementopropaganda.com.br\/#website","url":"https:\/\/5elementopropaganda.com.br\/","name":"5\u00ba Elemento Propaganda","description":"Publicidade, Campanhas Publicit\u00e1rias, Pe\u00e7as Publicit\u00e1rias","publisher":{"@id":"https:\/\/5elementopropaganda.com.br\/#organization"},"potentialAction":[{"@type":"SearchAction","target":{"@type":"EntryPoint","urlTemplate":"https:\/\/5elementopropaganda.com.br\/?s={search_term_string}"},"query-input":{"@type":"PropertyValueSpecification","valueRequired":true,"valueName":"search_term_string"}}],"inLanguage":"pt-BR"},{"@type":"Organization","@id":"https:\/\/5elementopropaganda.com.br\/#organization","name":"5\u00ba Elemento Propaganda","url":"https:\/\/5elementopropaganda.com.br\/","logo":{"@type":"ImageObject","inLanguage":"pt-BR","@id":"https:\/\/5elementopropaganda.com.br\/#\/schema\/logo\/image\/","url":"https:\/\/i0.wp.com\/5elementopropaganda.com.br\/wp-content\/uploads\/2023\/11\/cropped-cropped-FAVICON.jpg?fit=512%2C512&ssl=1","contentUrl":"https:\/\/i0.wp.com\/5elementopropaganda.com.br\/wp-content\/uploads\/2023\/11\/cropped-cropped-FAVICON.jpg?fit=512%2C512&ssl=1","width":512,"height":512,"caption":"5\u00ba Elemento Propaganda"},"image":{"@id":"https:\/\/5elementopropaganda.com.br\/#\/schema\/logo\/image\/"}}]}},"jetpack-related-posts":[],"jetpack_sharing_enabled":true,"_links":{"self":[{"href":"https:\/\/5elementopropaganda.com.br\/index.php\/wp-json\/wp\/v2\/product\/492","targetHints":{"allow":["GET"]}}],"collection":[{"href":"https:\/\/5elementopropaganda.com.br\/index.php\/wp-json\/wp\/v2\/product"}],"about":[{"href":"https:\/\/5elementopropaganda.com.br\/index.php\/wp-json\/wp\/v2\/types\/product"}],"replies":[{"embeddable":true,"href":"https:\/\/5elementopropaganda.com.br\/index.php\/wp-json\/wp\/v2\/comments?post=492"}],"wp:featuredmedia":[{"embeddable":true,"href":"https:\/\/5elementopropaganda.com.br\/index.php\/wp-json\/wp\/v2\/media\/443"}],"wp:attachment":[{"href":"https:\/\/5elementopropaganda.com.br\/index.php\/wp-json\/wp\/v2\/media?parent=492"}],"wp:term":[{"taxonomy":"product_brand","embeddable":true,"href":"https:\/\/5elementopropaganda.com.br\/index.php\/wp-json\/wp\/v2\/product_brand?post=492"},{"taxonomy":"product_cat","embeddable":true,"href":"https:\/\/5elementopropaganda.com.br\/index.php\/wp-json\/wp\/v2\/product_cat?post=492"},{"taxonomy":"product_tag","embeddable":true,"href":"https:\/\/5elementopropaganda.com.br\/index.php\/wp-json\/wp\/v2\/product_tag?post=492"}],"curies":[{"name":"wp","href":"https:\/\/api.w.org\/{rel}","templated":true}]}}