{"id":490,"date":"2023-11-22T09:20:55","date_gmt":"2023-11-22T12:20:55","guid":{"rendered":"https:\/\/5elementopropaganda.com.br\/?post_type=product&#038;p=490"},"modified":"2023-11-22T09:44:52","modified_gmt":"2023-11-22T12:44:52","slug":"criacao-de-anuncios-folheto-simples-1pagina","status":"publish","type":"product","link":"https:\/\/5elementopropaganda.com.br\/index.php\/produto\/criacao-de-anuncios-folheto-simples-1pagina\/","title":{"rendered":"CRIA\u00c7\u00c3O DE AN\u00daNCIOS\/FOLHETO SIMPLES (1P\u00c1GINA)"},"content":{"rendered":"<p>Cria\u00e7\u00e3o, desenvolvimento e finaliza\u00e7\u00e3o de AN\u00daNCIOS OU FOLHETO SIMPLES (1P\u00c1GINA)<\/p>\n<p>IMPORTANTE:<\/p>\n<p>O Valor inclui: Design, montagem e transfer\u00eancia de arquivos ao propriet\u00e1rio em arquivo vetorial.<\/p>\n<p>&nbsp;<\/p>\n<p>&nbsp;<\/p>\n<p><strong>Obs.: Base de Informa\u00e7\u00f5es, transmitida pelo cliente.<\/strong><\/p>\n","protected":false},"excerpt":{"rendered":"<p>Cria\u00e7\u00e3o, desenvolvimento e finaliza\u00e7\u00e3o de AN\u00daNCIOS OU FOLHETO SIMPLES (1P\u00c1GINA)<\/p>\n<p>IMPORTANTE:<\/p>\n<p>O Valor inclui: Design, montagem e transfer\u00eancia de arquivos ao propriet\u00e1rio em arquivo vetorial.<\/p>\n<p>&nbsp;<\/p>\n<p>&nbsp;<\/p>\n<p><strong>Obs.: Base de Informa\u00e7\u00f5es, transmitida pelo cliente.<\/strong><\/p>\n<p>&nbsp;<\/p>\n","protected":false},"featured_media":447,"comment_status":"open","ping_status":"closed","template":"","meta":{"jetpack_post_was_ever_published":false},"product_brand":[],"product_cat":[25],"product_tag":[103,102,106,105,86,71,76,107,96,100,63,104,101,98,51,94,89,95,97,108,109,99],"class_list":{"0":"post-490","1":"product","2":"type-product","3":"status-publish","4":"has-post-thumbnail","6":"product_cat-criacao-de-pecas-publicitarias","7":"product_tag-anuncios","8":"product_tag-bonito","9":"product_tag-catalogo-digital","10":"product_tag-catalogos","11":"product_tag-consumidor","12":"product_tag-criacao","13":"product_tag-designer","14":"product_tag-eletronico","15":"product_tag-estatistica","16":"product_tag-exposicao","17":"product_tag-feedback","18":"product_tag-folhetos","19":"product_tag-invejavel","20":"product_tag-logomarca","21":"product_tag-midias-sociais","22":"product_tag-otimizacao","23":"product_tag-publico","24":"product_tag-resultados","25":"product_tag-retorno","26":"product_tag-simples","27":"product_tag-solucao","28":"product_tag-sua-marca","30":"first","31":"instock","32":"featured","33":"taxable","34":"shipping-taxable","35":"purchasable","36":"product-type-simple"},"yoast_head":"<!-- This site is optimized with the Yoast SEO plugin v27.1.1 - https:\/\/yoast.com\/product\/yoast-seo-wordpress\/ -->\n<title>CRIA\u00c7\u00c3O DE AN\u00daNCIOS\/FOLHETO SIMPLES (1P\u00c1GINA) - 5\u00ba Elemento Propaganda<\/title>\n<meta name=\"robots\" content=\"index, follow, max-snippet:-1, max-image-preview:large, max-video-preview:-1\" \/>\n<link rel=\"canonical\" href=\"https:\/\/5elementopropaganda.com.br\/index.php\/produto\/criacao-de-anuncios-folheto-simples-1pagina\/\" \/>\n<meta property=\"og:locale\" content=\"pt_BR\" \/>\n<meta property=\"og:type\" content=\"article\" \/>\n<meta property=\"og:title\" content=\"CRIA\u00c7\u00c3O DE AN\u00daNCIOS\/FOLHETO SIMPLES (1P\u00c1GINA) - 5\u00ba Elemento Propaganda\" \/>\n<meta property=\"og:description\" content=\"Cria\u00e7\u00e3o, desenvolvimento e finaliza\u00e7\u00e3o de AN\u00daNCIOS OU FOLHETO SIMPLES (1P\u00c1GINA)  IMPORTANTE:  O Valor inclui: Design, montagem e transfer\u00eancia de arquivos ao propriet\u00e1rio em arquivo vetorial.  &nbsp;  &nbsp;  Obs.: Base de Informa\u00e7\u00f5es, transmitida pelo cliente.  &nbsp;\" \/>\n<meta property=\"og:url\" content=\"https:\/\/5elementopropaganda.com.br\/index.php\/produto\/criacao-de-anuncios-folheto-simples-1pagina\/\" \/>\n<meta property=\"og:site_name\" content=\"5\u00ba Elemento Propaganda\" \/>\n<meta property=\"article:modified_time\" content=\"2023-11-22T12:44:52+00:00\" \/>\n<meta property=\"og:image\" content=\"https:\/\/5elementopropaganda.com.br\/wp-content\/uploads\/2023\/11\/DESIGN-GRAFICO-scaled.jpg\" \/>\n\t<meta property=\"og:image:width\" content=\"2560\" \/>\n\t<meta property=\"og:image:height\" content=\"2560\" \/>\n\t<meta property=\"og:image:type\" content=\"image\/jpeg\" \/>\n<meta name=\"twitter:card\" content=\"summary_large_image\" \/>\n<meta name=\"twitter:label1\" content=\"Est. tempo de leitura\" \/>\n\t<meta name=\"twitter:data1\" content=\"1 minuto\" \/>\n<script type=\"application\/ld+json\" class=\"yoast-schema-graph\">{\"@context\":\"https:\/\/schema.org\",\"@graph\":[{\"@type\":\"WebPage\",\"@id\":\"https:\/\/5elementopropaganda.com.br\/index.php\/produto\/criacao-de-anuncios-folheto-simples-1pagina\/\",\"url\":\"https:\/\/5elementopropaganda.com.br\/index.php\/produto\/criacao-de-anuncios-folheto-simples-1pagina\/\",\"name\":\"CRIA\u00c7\u00c3O DE AN\u00daNCIOS\/FOLHETO SIMPLES (1P\u00c1GINA) - 5\u00ba Elemento Propaganda\",\"isPartOf\":{\"@id\":\"https:\/\/5elementopropaganda.com.br\/#website\"},\"primaryImageOfPage\":{\"@id\":\"https:\/\/5elementopropaganda.com.br\/index.php\/produto\/criacao-de-anuncios-folheto-simples-1pagina\/#primaryimage\"},\"image\":{\"@id\":\"https:\/\/5elementopropaganda.com.br\/index.php\/produto\/criacao-de-anuncios-folheto-simples-1pagina\/#primaryimage\"},\"thumbnailUrl\":\"https:\/\/i0.wp.com\/5elementopropaganda.com.br\/wp-content\/uploads\/2023\/11\/DESIGN-GRAFICO-scaled.jpg?fit=2560%2C2560&ssl=1\",\"datePublished\":\"2023-11-22T12:20:55+00:00\",\"dateModified\":\"2023-11-22T12:44:52+00:00\",\"breadcrumb\":{\"@id\":\"https:\/\/5elementopropaganda.com.br\/index.php\/produto\/criacao-de-anuncios-folheto-simples-1pagina\/#breadcrumb\"},\"inLanguage\":\"pt-BR\",\"potentialAction\":[{\"@type\":\"ReadAction\",\"target\":[\"https:\/\/5elementopropaganda.com.br\/index.php\/produto\/criacao-de-anuncios-folheto-simples-1pagina\/\"]}]},{\"@type\":\"ImageObject\",\"inLanguage\":\"pt-BR\",\"@id\":\"https:\/\/5elementopropaganda.com.br\/index.php\/produto\/criacao-de-anuncios-folheto-simples-1pagina\/#primaryimage\",\"url\":\"https:\/\/i0.wp.com\/5elementopropaganda.com.br\/wp-content\/uploads\/2023\/11\/DESIGN-GRAFICO-scaled.jpg?fit=2560%2C2560&ssl=1\",\"contentUrl\":\"https:\/\/i0.wp.com\/5elementopropaganda.com.br\/wp-content\/uploads\/2023\/11\/DESIGN-GRAFICO-scaled.jpg?fit=2560%2C2560&ssl=1\",\"width\":2560,\"height\":2560},{\"@type\":\"BreadcrumbList\",\"@id\":\"https:\/\/5elementopropaganda.com.br\/index.php\/produto\/criacao-de-anuncios-folheto-simples-1pagina\/#breadcrumb\",\"itemListElement\":[{\"@type\":\"ListItem\",\"position\":1,\"name\":\"In\u00edcio\",\"item\":\"https:\/\/5elementopropaganda.com.br\/\"},{\"@type\":\"ListItem\",\"position\":2,\"name\":\"CRIA\u00c7\u00c3O DE AN\u00daNCIOS\/FOLHETO SIMPLES (1P\u00c1GINA)\"}]},{\"@type\":\"WebSite\",\"@id\":\"https:\/\/5elementopropaganda.com.br\/#website\",\"url\":\"https:\/\/5elementopropaganda.com.br\/\",\"name\":\"5\u00ba Elemento Propaganda\",\"description\":\"Publicidade, Campanhas Publicit\u00e1rias, Pe\u00e7as Publicit\u00e1rias\",\"publisher\":{\"@id\":\"https:\/\/5elementopropaganda.com.br\/#organization\"},\"potentialAction\":[{\"@type\":\"SearchAction\",\"target\":{\"@type\":\"EntryPoint\",\"urlTemplate\":\"https:\/\/5elementopropaganda.com.br\/?s={search_term_string}\"},\"query-input\":{\"@type\":\"PropertyValueSpecification\",\"valueRequired\":true,\"valueName\":\"search_term_string\"}}],\"inLanguage\":\"pt-BR\"},{\"@type\":\"Organization\",\"@id\":\"https:\/\/5elementopropaganda.com.br\/#organization\",\"name\":\"5\u00ba Elemento Propaganda\",\"url\":\"https:\/\/5elementopropaganda.com.br\/\",\"logo\":{\"@type\":\"ImageObject\",\"inLanguage\":\"pt-BR\",\"@id\":\"https:\/\/5elementopropaganda.com.br\/#\/schema\/logo\/image\/\",\"url\":\"https:\/\/i0.wp.com\/5elementopropaganda.com.br\/wp-content\/uploads\/2023\/11\/cropped-cropped-FAVICON.jpg?fit=512%2C512&ssl=1\",\"contentUrl\":\"https:\/\/i0.wp.com\/5elementopropaganda.com.br\/wp-content\/uploads\/2023\/11\/cropped-cropped-FAVICON.jpg?fit=512%2C512&ssl=1\",\"width\":512,\"height\":512,\"caption\":\"5\u00ba Elemento Propaganda\"},\"image\":{\"@id\":\"https:\/\/5elementopropaganda.com.br\/#\/schema\/logo\/image\/\"}}]}<\/script>\n<!-- \/ Yoast SEO plugin. -->","yoast_head_json":{"title":"CRIA\u00c7\u00c3O DE AN\u00daNCIOS\/FOLHETO SIMPLES (1P\u00c1GINA) - 5\u00ba Elemento Propaganda","robots":{"index":"index","follow":"follow","max-snippet":"max-snippet:-1","max-image-preview":"max-image-preview:large","max-video-preview":"max-video-preview:-1"},"canonical":"https:\/\/5elementopropaganda.com.br\/index.php\/produto\/criacao-de-anuncios-folheto-simples-1pagina\/","og_locale":"pt_BR","og_type":"article","og_title":"CRIA\u00c7\u00c3O DE AN\u00daNCIOS\/FOLHETO SIMPLES (1P\u00c1GINA) - 5\u00ba Elemento Propaganda","og_description":"Cria\u00e7\u00e3o, desenvolvimento e finaliza\u00e7\u00e3o de AN\u00daNCIOS OU FOLHETO SIMPLES (1P\u00c1GINA)  IMPORTANTE:  O Valor inclui: Design, montagem e transfer\u00eancia de arquivos ao propriet\u00e1rio em arquivo vetorial.  &nbsp;  &nbsp;  Obs.: Base de Informa\u00e7\u00f5es, transmitida pelo cliente.  &nbsp;","og_url":"https:\/\/5elementopropaganda.com.br\/index.php\/produto\/criacao-de-anuncios-folheto-simples-1pagina\/","og_site_name":"5\u00ba Elemento Propaganda","article_modified_time":"2023-11-22T12:44:52+00:00","og_image":[{"width":2560,"height":2560,"url":"https:\/\/5elementopropaganda.com.br\/wp-content\/uploads\/2023\/11\/DESIGN-GRAFICO-scaled.jpg","type":"image\/jpeg"}],"twitter_card":"summary_large_image","twitter_misc":{"Est. tempo de leitura":"1 minuto"},"schema":{"@context":"https:\/\/schema.org","@graph":[{"@type":"WebPage","@id":"https:\/\/5elementopropaganda.com.br\/index.php\/produto\/criacao-de-anuncios-folheto-simples-1pagina\/","url":"https:\/\/5elementopropaganda.com.br\/index.php\/produto\/criacao-de-anuncios-folheto-simples-1pagina\/","name":"CRIA\u00c7\u00c3O DE AN\u00daNCIOS\/FOLHETO SIMPLES (1P\u00c1GINA) - 5\u00ba Elemento Propaganda","isPartOf":{"@id":"https:\/\/5elementopropaganda.com.br\/#website"},"primaryImageOfPage":{"@id":"https:\/\/5elementopropaganda.com.br\/index.php\/produto\/criacao-de-anuncios-folheto-simples-1pagina\/#primaryimage"},"image":{"@id":"https:\/\/5elementopropaganda.com.br\/index.php\/produto\/criacao-de-anuncios-folheto-simples-1pagina\/#primaryimage"},"thumbnailUrl":"https:\/\/i0.wp.com\/5elementopropaganda.com.br\/wp-content\/uploads\/2023\/11\/DESIGN-GRAFICO-scaled.jpg?fit=2560%2C2560&ssl=1","datePublished":"2023-11-22T12:20:55+00:00","dateModified":"2023-11-22T12:44:52+00:00","breadcrumb":{"@id":"https:\/\/5elementopropaganda.com.br\/index.php\/produto\/criacao-de-anuncios-folheto-simples-1pagina\/#breadcrumb"},"inLanguage":"pt-BR","potentialAction":[{"@type":"ReadAction","target":["https:\/\/5elementopropaganda.com.br\/index.php\/produto\/criacao-de-anuncios-folheto-simples-1pagina\/"]}]},{"@type":"ImageObject","inLanguage":"pt-BR","@id":"https:\/\/5elementopropaganda.com.br\/index.php\/produto\/criacao-de-anuncios-folheto-simples-1pagina\/#primaryimage","url":"https:\/\/i0.wp.com\/5elementopropaganda.com.br\/wp-content\/uploads\/2023\/11\/DESIGN-GRAFICO-scaled.jpg?fit=2560%2C2560&ssl=1","contentUrl":"https:\/\/i0.wp.com\/5elementopropaganda.com.br\/wp-content\/uploads\/2023\/11\/DESIGN-GRAFICO-scaled.jpg?fit=2560%2C2560&ssl=1","width":2560,"height":2560},{"@type":"BreadcrumbList","@id":"https:\/\/5elementopropaganda.com.br\/index.php\/produto\/criacao-de-anuncios-folheto-simples-1pagina\/#breadcrumb","itemListElement":[{"@type":"ListItem","position":1,"name":"In\u00edcio","item":"https:\/\/5elementopropaganda.com.br\/"},{"@type":"ListItem","position":2,"name":"CRIA\u00c7\u00c3O DE AN\u00daNCIOS\/FOLHETO SIMPLES (1P\u00c1GINA)"}]},{"@type":"WebSite","@id":"https:\/\/5elementopropaganda.com.br\/#website","url":"https:\/\/5elementopropaganda.com.br\/","name":"5\u00ba Elemento Propaganda","description":"Publicidade, Campanhas Publicit\u00e1rias, Pe\u00e7as Publicit\u00e1rias","publisher":{"@id":"https:\/\/5elementopropaganda.com.br\/#organization"},"potentialAction":[{"@type":"SearchAction","target":{"@type":"EntryPoint","urlTemplate":"https:\/\/5elementopropaganda.com.br\/?s={search_term_string}"},"query-input":{"@type":"PropertyValueSpecification","valueRequired":true,"valueName":"search_term_string"}}],"inLanguage":"pt-BR"},{"@type":"Organization","@id":"https:\/\/5elementopropaganda.com.br\/#organization","name":"5\u00ba Elemento Propaganda","url":"https:\/\/5elementopropaganda.com.br\/","logo":{"@type":"ImageObject","inLanguage":"pt-BR","@id":"https:\/\/5elementopropaganda.com.br\/#\/schema\/logo\/image\/","url":"https:\/\/i0.wp.com\/5elementopropaganda.com.br\/wp-content\/uploads\/2023\/11\/cropped-cropped-FAVICON.jpg?fit=512%2C512&ssl=1","contentUrl":"https:\/\/i0.wp.com\/5elementopropaganda.com.br\/wp-content\/uploads\/2023\/11\/cropped-cropped-FAVICON.jpg?fit=512%2C512&ssl=1","width":512,"height":512,"caption":"5\u00ba Elemento Propaganda"},"image":{"@id":"https:\/\/5elementopropaganda.com.br\/#\/schema\/logo\/image\/"}}]}},"jetpack-related-posts":[],"jetpack_sharing_enabled":true,"_links":{"self":[{"href":"https:\/\/5elementopropaganda.com.br\/index.php\/wp-json\/wp\/v2\/product\/490","targetHints":{"allow":["GET"]}}],"collection":[{"href":"https:\/\/5elementopropaganda.com.br\/index.php\/wp-json\/wp\/v2\/product"}],"about":[{"href":"https:\/\/5elementopropaganda.com.br\/index.php\/wp-json\/wp\/v2\/types\/product"}],"replies":[{"embeddable":true,"href":"https:\/\/5elementopropaganda.com.br\/index.php\/wp-json\/wp\/v2\/comments?post=490"}],"wp:featuredmedia":[{"embeddable":true,"href":"https:\/\/5elementopropaganda.com.br\/index.php\/wp-json\/wp\/v2\/media\/447"}],"wp:attachment":[{"href":"https:\/\/5elementopropaganda.com.br\/index.php\/wp-json\/wp\/v2\/media?parent=490"}],"wp:term":[{"taxonomy":"product_brand","embeddable":true,"href":"https:\/\/5elementopropaganda.com.br\/index.php\/wp-json\/wp\/v2\/product_brand?post=490"},{"taxonomy":"product_cat","embeddable":true,"href":"https:\/\/5elementopropaganda.com.br\/index.php\/wp-json\/wp\/v2\/product_cat?post=490"},{"taxonomy":"product_tag","embeddable":true,"href":"https:\/\/5elementopropaganda.com.br\/index.php\/wp-json\/wp\/v2\/product_tag?post=490"}],"curies":[{"name":"wp","href":"https:\/\/api.w.org\/{rel}","templated":true}]}}