{"id":489,"date":"2023-11-22T09:19:29","date_gmt":"2023-11-22T12:19:29","guid":{"rendered":"https:\/\/5elementopropaganda.com.br\/?post_type=product&#038;p=489"},"modified":"2023-11-22T09:44:28","modified_gmt":"2023-11-22T12:44:28","slug":"gerenciamento-do-impulsionamento-em-midias-sociais","status":"publish","type":"product","link":"https:\/\/5elementopropaganda.com.br\/index.php\/produto\/gerenciamento-do-impulsionamento-em-midias-sociais\/","title":{"rendered":"GERENCIAMENTO DO IMPULSIONAMENTO EM MIDIAS SOCIAIS"},"content":{"rendered":"<p>Gerenciamento, e configura\u00e7\u00e3o de objetivos e metas para programar o p\u00fablico alvo, buscando otimizar o investimento em M\u00eddias Sociais.<\/p>\n<p>IMPORTANTE:<\/p>\n<p>O Valor inclui: O trabalho de programa\u00e7\u00e3o e finaliza\u00e7\u00e3o do publico alvo objetivado pelo cliente em sua a\u00e7\u00e3o de impulsionamento nas m\u00eddias sociais.<\/p>\n<p>&nbsp;<\/p>\n<p><strong>Obs.: Base de Informa\u00e7\u00f5es, transmitida pelo cliente.<\/strong><\/p>\n","protected":false},"excerpt":{"rendered":"<p>Gerenciamento, e configura\u00e7\u00e3o de objetivos e metas para programar o p\u00fablico alvo, buscando otimizar o investimento em M\u00eddias Sociais.<\/p>\n<p>IMPORTANTE:<\/p>\n<p>O Valor inclui: O trabalho de programa\u00e7\u00e3o e finaliza\u00e7\u00e3o do publico alvo objetivado pelo cliente em sua a\u00e7\u00e3o de impulsionamento nas m\u00eddias sociais.<\/p>\n<p>&nbsp;<\/p>\n<p><strong>Obs.: Base de Informa\u00e7\u00f5es, transmitida pelo cliente.<\/strong><\/p>\n<p>&nbsp;<\/p>\n<p><strong>Obs.: Base de Informa\u00e7\u00f5es, transmitida pelo cliente.<\/strong><\/p>\n","protected":false},"featured_media":449,"comment_status":"open","ping_status":"closed","template":"","meta":{"jetpack_post_was_ever_published":false},"product_brand":[],"product_cat":[24],"product_tag":[92,86,88,53,111,91,110,112,54,87,113,51,84,90,83,89,85,60,70,93,82],"class_list":{"0":"post-489","1":"product","2":"type-product","3":"status-publish","4":"has-post-thumbnail","6":"product_cat-midias-sociais","7":"product_tag-alcance","8":"product_tag-consumidor","9":"product_tag-desempenho","10":"product_tag-facebook","11":"product_tag-gerenciamento","12":"product_tag-impactacao","13":"product_tag-impulsionamento","14":"product_tag-insercao","15":"product_tag-instagram","16":"product_tag-metas","17":"product_tag-midia","18":"product_tag-midias-sociais","19":"product_tag-navagacao","20":"product_tag-perfil","21":"product_tag-personalizar","22":"product_tag-publico","23":"product_tag-rentabilizar","24":"product_tag-resultado","25":"product_tag-seo","26":"product_tag-sucesso","27":"product_tag-tik-tok","29":"first","30":"instock","31":"featured","32":"taxable","33":"shipping-taxable","34":"purchasable","35":"product-type-simple"},"yoast_head":"<!-- This site is optimized with the Yoast SEO plugin v27.1.1 - https:\/\/yoast.com\/product\/yoast-seo-wordpress\/ -->\n<title>GERENCIAMENTO DO IMPULSIONAMENTO EM MIDIAS SOCIAIS - 5\u00ba Elemento Propaganda<\/title>\n<meta name=\"robots\" content=\"index, follow, max-snippet:-1, max-image-preview:large, max-video-preview:-1\" \/>\n<link rel=\"canonical\" href=\"https:\/\/5elementopropaganda.com.br\/index.php\/produto\/gerenciamento-do-impulsionamento-em-midias-sociais\/\" \/>\n<meta property=\"og:locale\" content=\"pt_BR\" \/>\n<meta property=\"og:type\" content=\"article\" \/>\n<meta property=\"og:title\" content=\"GERENCIAMENTO DO IMPULSIONAMENTO EM MIDIAS SOCIAIS - 5\u00ba Elemento Propaganda\" \/>\n<meta property=\"og:description\" content=\"Gerenciamento, e configura\u00e7\u00e3o de objetivos e metas para programar o p\u00fablico alvo, buscando otimizar o investimento em M\u00eddias Sociais.  IMPORTANTE:  O Valor inclui: O trabalho de programa\u00e7\u00e3o e finaliza\u00e7\u00e3o do publico alvo objetivado pelo cliente em sua a\u00e7\u00e3o de impulsionamento nas m\u00eddias sociais.  &nbsp;  Obs.: Base de Informa\u00e7\u00f5es, transmitida pelo cliente.  &nbsp;  Obs.: Base de Informa\u00e7\u00f5es, transmitida pelo cliente.\" \/>\n<meta property=\"og:url\" content=\"https:\/\/5elementopropaganda.com.br\/index.php\/produto\/gerenciamento-do-impulsionamento-em-midias-sociais\/\" \/>\n<meta property=\"og:site_name\" content=\"5\u00ba Elemento Propaganda\" \/>\n<meta property=\"article:modified_time\" content=\"2023-11-22T12:44:28+00:00\" \/>\n<meta property=\"og:image\" content=\"https:\/\/5elementopropaganda.com.br\/wp-content\/uploads\/2023\/11\/IMPULSIONAMENTO-DA-INTERNET-scaled.jpg\" \/>\n\t<meta property=\"og:image:width\" content=\"2560\" \/>\n\t<meta property=\"og:image:height\" content=\"2560\" \/>\n\t<meta property=\"og:image:type\" content=\"image\/jpeg\" \/>\n<meta name=\"twitter:card\" content=\"summary_large_image\" \/>\n<meta name=\"twitter:label1\" content=\"Est. tempo de leitura\" \/>\n\t<meta name=\"twitter:data1\" content=\"1 minuto\" \/>\n<script type=\"application\/ld+json\" class=\"yoast-schema-graph\">{\"@context\":\"https:\/\/schema.org\",\"@graph\":[{\"@type\":\"WebPage\",\"@id\":\"https:\/\/5elementopropaganda.com.br\/index.php\/produto\/gerenciamento-do-impulsionamento-em-midias-sociais\/\",\"url\":\"https:\/\/5elementopropaganda.com.br\/index.php\/produto\/gerenciamento-do-impulsionamento-em-midias-sociais\/\",\"name\":\"GERENCIAMENTO DO IMPULSIONAMENTO EM MIDIAS SOCIAIS - 5\u00ba Elemento Propaganda\",\"isPartOf\":{\"@id\":\"https:\/\/5elementopropaganda.com.br\/#website\"},\"primaryImageOfPage\":{\"@id\":\"https:\/\/5elementopropaganda.com.br\/index.php\/produto\/gerenciamento-do-impulsionamento-em-midias-sociais\/#primaryimage\"},\"image\":{\"@id\":\"https:\/\/5elementopropaganda.com.br\/index.php\/produto\/gerenciamento-do-impulsionamento-em-midias-sociais\/#primaryimage\"},\"thumbnailUrl\":\"https:\/\/i0.wp.com\/5elementopropaganda.com.br\/wp-content\/uploads\/2023\/11\/IMPULSIONAMENTO-DA-INTERNET-scaled.jpg?fit=2560%2C2560&ssl=1\",\"datePublished\":\"2023-11-22T12:19:29+00:00\",\"dateModified\":\"2023-11-22T12:44:28+00:00\",\"breadcrumb\":{\"@id\":\"https:\/\/5elementopropaganda.com.br\/index.php\/produto\/gerenciamento-do-impulsionamento-em-midias-sociais\/#breadcrumb\"},\"inLanguage\":\"pt-BR\",\"potentialAction\":[{\"@type\":\"ReadAction\",\"target\":[\"https:\/\/5elementopropaganda.com.br\/index.php\/produto\/gerenciamento-do-impulsionamento-em-midias-sociais\/\"]}]},{\"@type\":\"ImageObject\",\"inLanguage\":\"pt-BR\",\"@id\":\"https:\/\/5elementopropaganda.com.br\/index.php\/produto\/gerenciamento-do-impulsionamento-em-midias-sociais\/#primaryimage\",\"url\":\"https:\/\/i0.wp.com\/5elementopropaganda.com.br\/wp-content\/uploads\/2023\/11\/IMPULSIONAMENTO-DA-INTERNET-scaled.jpg?fit=2560%2C2560&ssl=1\",\"contentUrl\":\"https:\/\/i0.wp.com\/5elementopropaganda.com.br\/wp-content\/uploads\/2023\/11\/IMPULSIONAMENTO-DA-INTERNET-scaled.jpg?fit=2560%2C2560&ssl=1\",\"width\":2560,\"height\":2560},{\"@type\":\"BreadcrumbList\",\"@id\":\"https:\/\/5elementopropaganda.com.br\/index.php\/produto\/gerenciamento-do-impulsionamento-em-midias-sociais\/#breadcrumb\",\"itemListElement\":[{\"@type\":\"ListItem\",\"position\":1,\"name\":\"In\u00edcio\",\"item\":\"https:\/\/5elementopropaganda.com.br\/\"},{\"@type\":\"ListItem\",\"position\":2,\"name\":\"GERENCIAMENTO DO IMPULSIONAMENTO EM MIDIAS SOCIAIS\"}]},{\"@type\":\"WebSite\",\"@id\":\"https:\/\/5elementopropaganda.com.br\/#website\",\"url\":\"https:\/\/5elementopropaganda.com.br\/\",\"name\":\"5\u00ba Elemento Propaganda\",\"description\":\"Publicidade, Campanhas Publicit\u00e1rias, Pe\u00e7as Publicit\u00e1rias\",\"publisher\":{\"@id\":\"https:\/\/5elementopropaganda.com.br\/#organization\"},\"potentialAction\":[{\"@type\":\"SearchAction\",\"target\":{\"@type\":\"EntryPoint\",\"urlTemplate\":\"https:\/\/5elementopropaganda.com.br\/?s={search_term_string}\"},\"query-input\":{\"@type\":\"PropertyValueSpecification\",\"valueRequired\":true,\"valueName\":\"search_term_string\"}}],\"inLanguage\":\"pt-BR\"},{\"@type\":\"Organization\",\"@id\":\"https:\/\/5elementopropaganda.com.br\/#organization\",\"name\":\"5\u00ba Elemento Propaganda\",\"url\":\"https:\/\/5elementopropaganda.com.br\/\",\"logo\":{\"@type\":\"ImageObject\",\"inLanguage\":\"pt-BR\",\"@id\":\"https:\/\/5elementopropaganda.com.br\/#\/schema\/logo\/image\/\",\"url\":\"https:\/\/i0.wp.com\/5elementopropaganda.com.br\/wp-content\/uploads\/2023\/11\/cropped-cropped-FAVICON.jpg?fit=512%2C512&ssl=1\",\"contentUrl\":\"https:\/\/i0.wp.com\/5elementopropaganda.com.br\/wp-content\/uploads\/2023\/11\/cropped-cropped-FAVICON.jpg?fit=512%2C512&ssl=1\",\"width\":512,\"height\":512,\"caption\":\"5\u00ba Elemento Propaganda\"},\"image\":{\"@id\":\"https:\/\/5elementopropaganda.com.br\/#\/schema\/logo\/image\/\"}}]}<\/script>\n<!-- \/ Yoast SEO plugin. -->","yoast_head_json":{"title":"GERENCIAMENTO DO IMPULSIONAMENTO EM MIDIAS SOCIAIS - 5\u00ba Elemento Propaganda","robots":{"index":"index","follow":"follow","max-snippet":"max-snippet:-1","max-image-preview":"max-image-preview:large","max-video-preview":"max-video-preview:-1"},"canonical":"https:\/\/5elementopropaganda.com.br\/index.php\/produto\/gerenciamento-do-impulsionamento-em-midias-sociais\/","og_locale":"pt_BR","og_type":"article","og_title":"GERENCIAMENTO DO IMPULSIONAMENTO EM MIDIAS SOCIAIS - 5\u00ba Elemento Propaganda","og_description":"Gerenciamento, e configura\u00e7\u00e3o de objetivos e metas para programar o p\u00fablico alvo, buscando otimizar o investimento em M\u00eddias Sociais.  IMPORTANTE:  O Valor inclui: O trabalho de programa\u00e7\u00e3o e finaliza\u00e7\u00e3o do publico alvo objetivado pelo cliente em sua a\u00e7\u00e3o de impulsionamento nas m\u00eddias sociais.  &nbsp;  Obs.: Base de Informa\u00e7\u00f5es, transmitida pelo cliente.  &nbsp;  Obs.: Base de Informa\u00e7\u00f5es, transmitida pelo cliente.","og_url":"https:\/\/5elementopropaganda.com.br\/index.php\/produto\/gerenciamento-do-impulsionamento-em-midias-sociais\/","og_site_name":"5\u00ba Elemento Propaganda","article_modified_time":"2023-11-22T12:44:28+00:00","og_image":[{"width":2560,"height":2560,"url":"https:\/\/5elementopropaganda.com.br\/wp-content\/uploads\/2023\/11\/IMPULSIONAMENTO-DA-INTERNET-scaled.jpg","type":"image\/jpeg"}],"twitter_card":"summary_large_image","twitter_misc":{"Est. tempo de leitura":"1 minuto"},"schema":{"@context":"https:\/\/schema.org","@graph":[{"@type":"WebPage","@id":"https:\/\/5elementopropaganda.com.br\/index.php\/produto\/gerenciamento-do-impulsionamento-em-midias-sociais\/","url":"https:\/\/5elementopropaganda.com.br\/index.php\/produto\/gerenciamento-do-impulsionamento-em-midias-sociais\/","name":"GERENCIAMENTO DO IMPULSIONAMENTO EM MIDIAS SOCIAIS - 5\u00ba Elemento Propaganda","isPartOf":{"@id":"https:\/\/5elementopropaganda.com.br\/#website"},"primaryImageOfPage":{"@id":"https:\/\/5elementopropaganda.com.br\/index.php\/produto\/gerenciamento-do-impulsionamento-em-midias-sociais\/#primaryimage"},"image":{"@id":"https:\/\/5elementopropaganda.com.br\/index.php\/produto\/gerenciamento-do-impulsionamento-em-midias-sociais\/#primaryimage"},"thumbnailUrl":"https:\/\/i0.wp.com\/5elementopropaganda.com.br\/wp-content\/uploads\/2023\/11\/IMPULSIONAMENTO-DA-INTERNET-scaled.jpg?fit=2560%2C2560&ssl=1","datePublished":"2023-11-22T12:19:29+00:00","dateModified":"2023-11-22T12:44:28+00:00","breadcrumb":{"@id":"https:\/\/5elementopropaganda.com.br\/index.php\/produto\/gerenciamento-do-impulsionamento-em-midias-sociais\/#breadcrumb"},"inLanguage":"pt-BR","potentialAction":[{"@type":"ReadAction","target":["https:\/\/5elementopropaganda.com.br\/index.php\/produto\/gerenciamento-do-impulsionamento-em-midias-sociais\/"]}]},{"@type":"ImageObject","inLanguage":"pt-BR","@id":"https:\/\/5elementopropaganda.com.br\/index.php\/produto\/gerenciamento-do-impulsionamento-em-midias-sociais\/#primaryimage","url":"https:\/\/i0.wp.com\/5elementopropaganda.com.br\/wp-content\/uploads\/2023\/11\/IMPULSIONAMENTO-DA-INTERNET-scaled.jpg?fit=2560%2C2560&ssl=1","contentUrl":"https:\/\/i0.wp.com\/5elementopropaganda.com.br\/wp-content\/uploads\/2023\/11\/IMPULSIONAMENTO-DA-INTERNET-scaled.jpg?fit=2560%2C2560&ssl=1","width":2560,"height":2560},{"@type":"BreadcrumbList","@id":"https:\/\/5elementopropaganda.com.br\/index.php\/produto\/gerenciamento-do-impulsionamento-em-midias-sociais\/#breadcrumb","itemListElement":[{"@type":"ListItem","position":1,"name":"In\u00edcio","item":"https:\/\/5elementopropaganda.com.br\/"},{"@type":"ListItem","position":2,"name":"GERENCIAMENTO DO IMPULSIONAMENTO EM MIDIAS SOCIAIS"}]},{"@type":"WebSite","@id":"https:\/\/5elementopropaganda.com.br\/#website","url":"https:\/\/5elementopropaganda.com.br\/","name":"5\u00ba Elemento Propaganda","description":"Publicidade, Campanhas Publicit\u00e1rias, Pe\u00e7as Publicit\u00e1rias","publisher":{"@id":"https:\/\/5elementopropaganda.com.br\/#organization"},"potentialAction":[{"@type":"SearchAction","target":{"@type":"EntryPoint","urlTemplate":"https:\/\/5elementopropaganda.com.br\/?s={search_term_string}"},"query-input":{"@type":"PropertyValueSpecification","valueRequired":true,"valueName":"search_term_string"}}],"inLanguage":"pt-BR"},{"@type":"Organization","@id":"https:\/\/5elementopropaganda.com.br\/#organization","name":"5\u00ba Elemento Propaganda","url":"https:\/\/5elementopropaganda.com.br\/","logo":{"@type":"ImageObject","inLanguage":"pt-BR","@id":"https:\/\/5elementopropaganda.com.br\/#\/schema\/logo\/image\/","url":"https:\/\/i0.wp.com\/5elementopropaganda.com.br\/wp-content\/uploads\/2023\/11\/cropped-cropped-FAVICON.jpg?fit=512%2C512&ssl=1","contentUrl":"https:\/\/i0.wp.com\/5elementopropaganda.com.br\/wp-content\/uploads\/2023\/11\/cropped-cropped-FAVICON.jpg?fit=512%2C512&ssl=1","width":512,"height":512,"caption":"5\u00ba Elemento Propaganda"},"image":{"@id":"https:\/\/5elementopropaganda.com.br\/#\/schema\/logo\/image\/"}}]}},"jetpack-related-posts":[],"jetpack_sharing_enabled":true,"_links":{"self":[{"href":"https:\/\/5elementopropaganda.com.br\/index.php\/wp-json\/wp\/v2\/product\/489","targetHints":{"allow":["GET"]}}],"collection":[{"href":"https:\/\/5elementopropaganda.com.br\/index.php\/wp-json\/wp\/v2\/product"}],"about":[{"href":"https:\/\/5elementopropaganda.com.br\/index.php\/wp-json\/wp\/v2\/types\/product"}],"replies":[{"embeddable":true,"href":"https:\/\/5elementopropaganda.com.br\/index.php\/wp-json\/wp\/v2\/comments?post=489"}],"wp:featuredmedia":[{"embeddable":true,"href":"https:\/\/5elementopropaganda.com.br\/index.php\/wp-json\/wp\/v2\/media\/449"}],"wp:attachment":[{"href":"https:\/\/5elementopropaganda.com.br\/index.php\/wp-json\/wp\/v2\/media?parent=489"}],"wp:term":[{"taxonomy":"product_brand","embeddable":true,"href":"https:\/\/5elementopropaganda.com.br\/index.php\/wp-json\/wp\/v2\/product_brand?post=489"},{"taxonomy":"product_cat","embeddable":true,"href":"https:\/\/5elementopropaganda.com.br\/index.php\/wp-json\/wp\/v2\/product_cat?post=489"},{"taxonomy":"product_tag","embeddable":true,"href":"https:\/\/5elementopropaganda.com.br\/index.php\/wp-json\/wp\/v2\/product_tag?post=489"}],"curies":[{"name":"wp","href":"https:\/\/api.w.org\/{rel}","templated":true}]}}