{"id":452,"date":"2023-11-17T15:10:38","date_gmt":"2023-11-17T18:10:38","guid":{"rendered":"https:\/\/5elementopropaganda.com.br\/?page_id=452"},"modified":"2023-11-22T10:02:04","modified_gmt":"2023-11-22T13:02:04","slug":"produtos","status":"publish","type":"page","link":"https:\/\/5elementopropaganda.com.br\/index.php\/produtos\/","title":{"rendered":"Produtos"},"content":{"rendered":"\n<div data-align-buttons=\"false\" data-block-name=\"woocommerce\/all-products\" data-columns=\"3\" data-content-visibility=\"{&quot;orderBy&quot;:true}\" data-layout-config=\"[[&quot;woocommerce\\\/product-image&quot;,{&quot;imageSizing&quot;:&quot;thumbnail&quot;}],[&quot;woocommerce\\\/product-title&quot;],[&quot;woocommerce\\\/product-price&quot;],[&quot;woocommerce\\\/product-rating&quot;],[&quot;woocommerce\\\/product-button&quot;]]\" data-orderby=\"date\" data-rows=\"3\" class=\"wp-block-woocommerce-all-products wc-block-all-products\" data-attributes=\"{&quot;alignButtons&quot;:false,&quot;columns&quot;:3,&quot;contentVisibility&quot;:{&quot;orderBy&quot;:true},&quot;isPreview&quot;:false,&quot;layoutConfig&quot;:[[&quot;woocommerce\/product-image&quot;,{&quot;imageSizing&quot;:&quot;thumbnail&quot;}],[&quot;woocommerce\/product-title&quot;],[&quot;woocommerce\/product-price&quot;],[&quot;woocommerce\/product-rating&quot;],[&quot;woocommerce\/product-button&quot;]],&quot;orderby&quot;:&quot;date&quot;,&quot;rows&quot;:3}\"><\/div>\n","protected":false},"excerpt":{"rendered":"","protected":false},"author":1,"featured_media":0,"parent":0,"menu_order":0,"comment_status":"closed","ping_status":"closed","template":"","meta":{"jetpack_post_was_ever_published":false,"footnotes":""},"class_list":["post-452","page","type-page","status-publish","hentry"],"yoast_head":"<!-- This site is optimized with the Yoast SEO plugin v27.1.1 - https:\/\/yoast.com\/product\/yoast-seo-wordpress\/ -->\n<title>Produtos - 5\u00ba Elemento Propaganda<\/title>\n<meta name=\"robots\" content=\"index, follow, max-snippet:-1, max-image-preview:large, max-video-preview:-1\" \/>\n<link rel=\"canonical\" href=\"https:\/\/5elementopropaganda.com.br\/index.php\/produtos\/\" \/>\n<meta property=\"og:locale\" content=\"pt_BR\" \/>\n<meta property=\"og:type\" content=\"article\" \/>\n<meta property=\"og:title\" content=\"Produtos - 5\u00ba Elemento Propaganda\" \/>\n<meta property=\"og:url\" content=\"https:\/\/5elementopropaganda.com.br\/index.php\/produtos\/\" \/>\n<meta property=\"og:site_name\" content=\"5\u00ba Elemento Propaganda\" \/>\n<meta property=\"article:modified_time\" content=\"2023-11-22T13:02:04+00:00\" \/>\n<meta name=\"twitter:card\" content=\"summary_large_image\" \/>\n<script type=\"application\/ld+json\" class=\"yoast-schema-graph\">{\"@context\":\"https:\/\/schema.org\",\"@graph\":[{\"@type\":\"WebPage\",\"@id\":\"https:\/\/5elementopropaganda.com.br\/index.php\/produtos\/\",\"url\":\"https:\/\/5elementopropaganda.com.br\/index.php\/produtos\/\",\"name\":\"Produtos - 5\u00ba Elemento Propaganda\",\"isPartOf\":{\"@id\":\"https:\/\/5elementopropaganda.com.br\/#website\"},\"datePublished\":\"2023-11-17T18:10:38+00:00\",\"dateModified\":\"2023-11-22T13:02:04+00:00\",\"breadcrumb\":{\"@id\":\"https:\/\/5elementopropaganda.com.br\/index.php\/produtos\/#breadcrumb\"},\"inLanguage\":\"pt-BR\",\"potentialAction\":[{\"@type\":\"ReadAction\",\"target\":[\"https:\/\/5elementopropaganda.com.br\/index.php\/produtos\/\"]}]},{\"@type\":\"BreadcrumbList\",\"@id\":\"https:\/\/5elementopropaganda.com.br\/index.php\/produtos\/#breadcrumb\",\"itemListElement\":[{\"@type\":\"ListItem\",\"position\":1,\"name\":\"In\u00edcio\",\"item\":\"https:\/\/5elementopropaganda.com.br\/\"},{\"@type\":\"ListItem\",\"position\":2,\"name\":\"Produtos\"}]},{\"@type\":\"WebSite\",\"@id\":\"https:\/\/5elementopropaganda.com.br\/#website\",\"url\":\"https:\/\/5elementopropaganda.com.br\/\",\"name\":\"5\u00ba Elemento Propaganda\",\"description\":\"Publicidade, Campanhas Publicit\u00e1rias, Pe\u00e7as Publicit\u00e1rias\",\"publisher\":{\"@id\":\"https:\/\/5elementopropaganda.com.br\/#organization\"},\"potentialAction\":[{\"@type\":\"SearchAction\",\"target\":{\"@type\":\"EntryPoint\",\"urlTemplate\":\"https:\/\/5elementopropaganda.com.br\/?s={search_term_string}\"},\"query-input\":{\"@type\":\"PropertyValueSpecification\",\"valueRequired\":true,\"valueName\":\"search_term_string\"}}],\"inLanguage\":\"pt-BR\"},{\"@type\":\"Organization\",\"@id\":\"https:\/\/5elementopropaganda.com.br\/#organization\",\"name\":\"5\u00ba Elemento Propaganda\",\"url\":\"https:\/\/5elementopropaganda.com.br\/\",\"logo\":{\"@type\":\"ImageObject\",\"inLanguage\":\"pt-BR\",\"@id\":\"https:\/\/5elementopropaganda.com.br\/#\/schema\/logo\/image\/\",\"url\":\"https:\/\/i0.wp.com\/5elementopropaganda.com.br\/wp-content\/uploads\/2023\/11\/cropped-cropped-FAVICON.jpg?fit=512%2C512&ssl=1\",\"contentUrl\":\"https:\/\/i0.wp.com\/5elementopropaganda.com.br\/wp-content\/uploads\/2023\/11\/cropped-cropped-FAVICON.jpg?fit=512%2C512&ssl=1\",\"width\":512,\"height\":512,\"caption\":\"5\u00ba Elemento Propaganda\"},\"image\":{\"@id\":\"https:\/\/5elementopropaganda.com.br\/#\/schema\/logo\/image\/\"}}]}<\/script>\n<!-- \/ Yoast SEO plugin. -->","yoast_head_json":{"title":"Produtos - 5\u00ba Elemento Propaganda","robots":{"index":"index","follow":"follow","max-snippet":"max-snippet:-1","max-image-preview":"max-image-preview:large","max-video-preview":"max-video-preview:-1"},"canonical":"https:\/\/5elementopropaganda.com.br\/index.php\/produtos\/","og_locale":"pt_BR","og_type":"article","og_title":"Produtos - 5\u00ba Elemento Propaganda","og_url":"https:\/\/5elementopropaganda.com.br\/index.php\/produtos\/","og_site_name":"5\u00ba Elemento Propaganda","article_modified_time":"2023-11-22T13:02:04+00:00","twitter_card":"summary_large_image","schema":{"@context":"https:\/\/schema.org","@graph":[{"@type":"WebPage","@id":"https:\/\/5elementopropaganda.com.br\/index.php\/produtos\/","url":"https:\/\/5elementopropaganda.com.br\/index.php\/produtos\/","name":"Produtos - 5\u00ba Elemento Propaganda","isPartOf":{"@id":"https:\/\/5elementopropaganda.com.br\/#website"},"datePublished":"2023-11-17T18:10:38+00:00","dateModified":"2023-11-22T13:02:04+00:00","breadcrumb":{"@id":"https:\/\/5elementopropaganda.com.br\/index.php\/produtos\/#breadcrumb"},"inLanguage":"pt-BR","potentialAction":[{"@type":"ReadAction","target":["https:\/\/5elementopropaganda.com.br\/index.php\/produtos\/"]}]},{"@type":"BreadcrumbList","@id":"https:\/\/5elementopropaganda.com.br\/index.php\/produtos\/#breadcrumb","itemListElement":[{"@type":"ListItem","position":1,"name":"In\u00edcio","item":"https:\/\/5elementopropaganda.com.br\/"},{"@type":"ListItem","position":2,"name":"Produtos"}]},{"@type":"WebSite","@id":"https:\/\/5elementopropaganda.com.br\/#website","url":"https:\/\/5elementopropaganda.com.br\/","name":"5\u00ba Elemento Propaganda","description":"Publicidade, Campanhas Publicit\u00e1rias, Pe\u00e7as Publicit\u00e1rias","publisher":{"@id":"https:\/\/5elementopropaganda.com.br\/#organization"},"potentialAction":[{"@type":"SearchAction","target":{"@type":"EntryPoint","urlTemplate":"https:\/\/5elementopropaganda.com.br\/?s={search_term_string}"},"query-input":{"@type":"PropertyValueSpecification","valueRequired":true,"valueName":"search_term_string"}}],"inLanguage":"pt-BR"},{"@type":"Organization","@id":"https:\/\/5elementopropaganda.com.br\/#organization","name":"5\u00ba Elemento Propaganda","url":"https:\/\/5elementopropaganda.com.br\/","logo":{"@type":"ImageObject","inLanguage":"pt-BR","@id":"https:\/\/5elementopropaganda.com.br\/#\/schema\/logo\/image\/","url":"https:\/\/i0.wp.com\/5elementopropaganda.com.br\/wp-content\/uploads\/2023\/11\/cropped-cropped-FAVICON.jpg?fit=512%2C512&ssl=1","contentUrl":"https:\/\/i0.wp.com\/5elementopropaganda.com.br\/wp-content\/uploads\/2023\/11\/cropped-cropped-FAVICON.jpg?fit=512%2C512&ssl=1","width":512,"height":512,"caption":"5\u00ba Elemento Propaganda"},"image":{"@id":"https:\/\/5elementopropaganda.com.br\/#\/schema\/logo\/image\/"}}]}},"jetpack-related-posts":[],"jetpack_sharing_enabled":true,"_links":{"self":[{"href":"https:\/\/5elementopropaganda.com.br\/index.php\/wp-json\/wp\/v2\/pages\/452","targetHints":{"allow":["GET"]}}],"collection":[{"href":"https:\/\/5elementopropaganda.com.br\/index.php\/wp-json\/wp\/v2\/pages"}],"about":[{"href":"https:\/\/5elementopropaganda.com.br\/index.php\/wp-json\/wp\/v2\/types\/page"}],"author":[{"embeddable":true,"href":"https:\/\/5elementopropaganda.com.br\/index.php\/wp-json\/wp\/v2\/users\/1"}],"replies":[{"embeddable":true,"href":"https:\/\/5elementopropaganda.com.br\/index.php\/wp-json\/wp\/v2\/comments?post=452"}],"version-history":[{"count":3,"href":"https:\/\/5elementopropaganda.com.br\/index.php\/wp-json\/wp\/v2\/pages\/452\/revisions"}],"predecessor-version":[{"id":506,"href":"https:\/\/5elementopropaganda.com.br\/index.php\/wp-json\/wp\/v2\/pages\/452\/revisions\/506"}],"wp:attachment":[{"href":"https:\/\/5elementopropaganda.com.br\/index.php\/wp-json\/wp\/v2\/media?parent=452"}],"curies":[{"name":"wp","href":"https:\/\/api.w.org\/{rel}","templated":true}]}}